{"id":1560,"date":"2013-06-18T07:47:46","date_gmt":"2013-06-18T06:47:46","guid":{"rendered":"http:\/\/www.oropila.com\/?page_id=1560"},"modified":"2013-06-18T08:33:09","modified_gmt":"2013-06-18T07:33:09","slug":"zasebnost","status":"publish","type":"page","link":"http:\/\/www.oropila.com\/?page_id=1560","title":{"rendered":"Zasebnost"},"content":{"rendered":"<div>\n<h1>Zasebnost<\/h1>\n<\/div>\n<h4>Zasebnost<\/h4>\n<p>Stran ne shranjuje nobenih zasebnih podatkov. Za potrebe upravljalca se vodi statistika obiskov.<\/p>\n<h4>Pi\u0161kotki<\/h4>\n<p>Pi\u0161kotki so majhne tekstovne datoteke, ki se zapi\u0161ejo na va\u0161 ra\u010dunalnik, ko obi\u0161\u010dete spletno stran.<\/p>\n<p>Pi\u0161kotki slu\u017eijo za zagotavljanje sledljivosti in ko se naslednji\u010d vrnete na stran preko istega brskalnika lahko le ta preveri, ali je pi\u0161kotek prisoten, in uporabi podatke iz pi\u0161kotka ter jih po\u0161lje nazaj strani.<\/p>\n<p>Pi\u0161kotki nam omogo\u010dajo, da prepoznamo ali nas je uporabnik \u017ee predhodno obiskal, in v nekaterih primerih temu lahko prilagodimo prikazano vsebino.<\/p>\n<p><strong>Upravljanje in brisanje pi\u0161kotkov<\/strong><\/p>\n<p>V primeru, da se odlo\u010dite spremeniti na\u010din, kako brskalnik uporablja pi\u0161kotke lahko to storite s spreminjanjem nastavitev brskalnika.<br \/> Ve\u010dina brskalnikov omogo\u010da da zavrnete ali sprejmete vse pi\u0161kotke, sprejmete samo dolo\u010dene pi\u0161kotke ali pa vas vsaki\u010d vpra\u0161a ali dovolite pi\u0161kotke za dolo\u010deno stran ali ne.<\/p>\n<p>Brisanje pi\u0161kotkov se razlikuje glede na brskalnik, ki ga uporabljate. Za navodila, kako to storiti, vam predlagamo, da se poslu\u017eite pomo\u010di v brskalniku kjer boste na\u0161li navodila za upravljanje pi\u0161kotkov va\u0161ega brskalnika.<\/p>\n","protected":false},"excerpt":{"rendered":"<p>Zasebnost Zasebnost Stran ne shranjuje nobenih zasebnih podatkov. Za potrebe upravljalca se vodi statistika obiskov. Pi\u0161kotki Pi\u0161kotki so majhne tekstovne datoteke, ki se zapi\u0161ejo na va\u0161 ra\u010dunalnik, ko obi\u0161\u010dete spletno stran. Pi\u0161kotki slu\u017eijo za&#46;&#46;&#46;<\/p>\n","protected":false},"author":2,"featured_media":0,"parent":0,"menu_order":1000,"comment_status":"open","ping_status":"closed","template":"","meta":{"ngg_post_thumbnail":0,"footnotes":""},"class_list":["post-1560","page","type-page","status-publish","hentry"],"_links":{"self":[{"href":"http:\/\/www.oropila.com\/index.php?rest_route=\/wp\/v2\/pages\/1560","targetHints":{"allow":["GET"]}}],"collection":[{"href":"http:\/\/www.oropila.com\/index.php?rest_route=\/wp\/v2\/pages"}],"about":[{"href":"http:\/\/www.oropila.com\/index.php?rest_route=\/wp\/v2\/types\/page"}],"author":[{"embeddable":true,"href":"http:\/\/www.oropila.com\/index.php?rest_route=\/wp\/v2\/users\/2"}],"replies":[{"embeddable":true,"href":"http:\/\/www.oropila.com\/index.php?rest_route=%2Fwp%2Fv2%2Fcomments&post=1560"}],"version-history":[{"count":0,"href":"http:\/\/www.oropila.com\/index.php?rest_route=\/wp\/v2\/pages\/1560\/revisions"}],"wp:attachment":[{"href":"http:\/\/www.oropila.com\/index.php?rest_route=%2Fwp%2Fv2%2Fmedia&parent=1560"}],"curies":[{"name":"wp","href":"https:\/\/api.w.org\/{rel}","templated":true}]}}