{"id":339,"date":"2009-03-29T20:00:07","date_gmt":"2009-03-29T18:00:07","guid":{"rendered":"http:\/\/www.oropila.com\/?page_id=339"},"modified":"2015-11-05T17:46:41","modified_gmt":"2015-11-05T15:46:41","slug":"planica-2009","status":"publish","type":"page","link":"https:\/\/www.oropila.com\/?page_id=339","title":{"rendered":"Planica 2009"},"content":{"rendered":"<p style=\"text-align: center;\">Hvala za vse skakalne u\u017eitke!! <a title=\"Sne\u017ena kraljica\" href=\"http:\/\/www.slovid.com\/karaoke+avseniki+planica\/15819\/video\" target=\"_blank\">Ostanite, poslu\u0161ajte in poskakujte \u0161e naprej z nami!<\/a><\/p>\nngg_shortcode_0_placeholder\n<p><a title=\"Sne\u017ena kraljica\" href=\"http:\/\/www.slovid.com\/karaoke+avseniki+planica\/15819\/video\" target=\"_blank\"><br \/> <\/a><\/p>\n","protected":false},"excerpt":{"rendered":"<p>Hvala za vse skakalne u\u017eitke!! Ostanite, poslu\u0161ajte in poskakujte \u0161e naprej z nami!<\/p>\n","protected":false},"author":2,"featured_media":0,"parent":359,"menu_order":90,"comment_status":"open","ping_status":"closed","template":"","meta":{"ngg_post_thumbnail":0,"footnotes":""},"class_list":["post-339","page","type-page","status-publish","hentry"],"_links":{"self":[{"href":"https:\/\/www.oropila.com\/index.php?rest_route=\/wp\/v2\/pages\/339","targetHints":{"allow":["GET"]}}],"collection":[{"href":"https:\/\/www.oropila.com\/index.php?rest_route=\/wp\/v2\/pages"}],"about":[{"href":"https:\/\/www.oropila.com\/index.php?rest_route=\/wp\/v2\/types\/page"}],"author":[{"embeddable":true,"href":"https:\/\/www.oropila.com\/index.php?rest_route=\/wp\/v2\/users\/2"}],"replies":[{"embeddable":true,"href":"https:\/\/www.oropila.com\/index.php?rest_route=%2Fwp%2Fv2%2Fcomments&post=339"}],"version-history":[{"count":0,"href":"https:\/\/www.oropila.com\/index.php?rest_route=\/wp\/v2\/pages\/339\/revisions"}],"up":[{"embeddable":true,"href":"https:\/\/www.oropila.com\/index.php?rest_route=\/wp\/v2\/pages\/359"}],"wp:attachment":[{"href":"https:\/\/www.oropila.com\/index.php?rest_route=%2Fwp%2Fv2%2Fmedia&parent=339"}],"curies":[{"name":"wp","href":"https:\/\/api.w.org\/{rel}","templated":true}]}}